{"id":37791,"date":"2024-04-28T19:02:34","date_gmt":"2024-04-28T19:02:34","guid":{"rendered":"https:\/\/theme-dev.cmsmasters.net\/archdeco\/?page_id=37791"},"modified":"2025-10-09T17:57:13","modified_gmt":"2025-10-09T22:57:13","slug":"our-projects","status":"publish","type":"page","link":"https:\/\/delostudio.co\/en\/our-projects\/","title":{"rendered":"Our Projects"},"content":{"rendered":"<div data-elementor-type=\"wp-page\" data-elementor-id=\"37791\" class=\"elementor elementor-37791\" data-elementor-post-type=\"page\">\n\t\t\t\t<div class=\"elementor-element elementor-element-8c0305a e-con-full e-flex cmsmasters-block-default e-con e-parent\" data-id=\"8c0305a\" data-element_type=\"container\" data-e-type=\"container\" data-settings=\"{&quot;background_background&quot;:&quot;classic&quot;}\">\n\t\t<div class=\"elementor-element elementor-element-f4aad70 e-con-full e-flex cmsmasters-block-default e-con e-child\" data-id=\"f4aad70\" data-element_type=\"container\" data-e-type=\"container\" data-settings=\"{&quot;background_background&quot;:&quot;classic&quot;}\">\n\t\t<div class=\"elementor-element elementor-element-5a07097 e-con-full e-flex cmsmasters-block-default e-con e-child\" data-id=\"5a07097\" data-element_type=\"container\" data-e-type=\"container\">\n\t\t\t\t<div class=\"elementor-element elementor-element-90eae9f cmsmasters-block-default cmsmasters-sticky-default elementor-widget elementor-widget-heading\" data-id=\"90eae9f\" data-element_type=\"widget\" data-e-type=\"widget\" data-widget_type=\"heading.default\">\n\t\t\t\t\t<h1 class=\"elementor-heading-title elementor-size-default\">Our work<\/h1>\t\t\t\t<\/div>\n\t\t\t\t<div class=\"elementor-element elementor-element-4602ccd cmsmasters-block-default cmsmasters-sticky-default elementor-widget elementor-widget-heading\" data-id=\"4602ccd\" data-element_type=\"widget\" data-e-type=\"widget\" data-widget_type=\"heading.default\">\n\t\t\t\t\t<h1 class=\"elementor-heading-title elementor-size-default\">speaks for itself<\/h1>\t\t\t\t<\/div>\n\t\t\t\t<\/div>\n\t\t\t\t<div class=\"elementor-element elementor-element-6b256b6 cmsmasters-block-default cmsmasters-sticky-default elementor-widget elementor-widget-text-editor\" data-id=\"6b256b6\" data-element_type=\"widget\" data-e-type=\"widget\" data-widget_type=\"text-editor.default\">\n\t\t\t\t\t\t\t\t\t<p>From concept to final detail, we create spaces that reflect character and aesthetic consistency. <span style=\"color: #cd8e39;\">Our portfolio<\/span> brings together residential and commercial projects where light, matter and form find their balance.<\/p>\t\t\t\t\t\t\t\t<\/div>\n\t\t\t\t<\/div>\n\t\t<div class=\"elementor-element elementor-element-3127189 e-con-full elementor-hidden-mobile e-flex cmsmasters-bg-hide-none cmsmasters-bg-hide-none cmsmasters-block-default e-con e-child\" data-id=\"3127189\" data-element_type=\"container\" data-e-type=\"container\" data-settings=\"{&quot;background_background&quot;:&quot;classic&quot;}\">\n\t\t\t\t<\/div>\n\t\t\t\t<\/div>\n\t\t<div class=\"elementor-element elementor-element-6d3a5ff e-con-full e-flex cmsmasters-block-default e-con e-parent\" data-id=\"6d3a5ff\" data-element_type=\"container\" data-e-type=\"container\">\n\t\t<div class=\"elementor-element elementor-element-b2e97f8 e-con-full e-flex cmsmasters-block-default e-con e-child\" data-id=\"b2e97f8\" data-element_type=\"container\" data-e-type=\"container\">\n\t\t\t\t<div class=\"elementor-element elementor-element-7ad89b4 cmsmasters-blog--layout-custom cmsmasters--masonry cmsmasters-blog-grid-marker__marker-icon cmsmasters-pagination--pagination cmsmasters-pagination-pagination-type--numbers_and_prev_next cmsmasters-block-default cmsmasters-sticky-default elementor-widget elementor-widget-cmsmasters-blog-grid elementor-widget-cmsmasters-blog-similar\" data-id=\"7ad89b4\" data-element_type=\"widget\" data-e-type=\"widget\" data-settings=\"{&quot;blog_layout&quot;:&quot;custom&quot;,&quot;blog_template_id&quot;:&quot;40703&quot;,&quot;columns_tablet&quot;:&quot;2&quot;,&quot;blog_post_type&quot;:&quot;projects&quot;,&quot;post_gap_column_tablet&quot;:{&quot;unit&quot;:&quot;px&quot;,&quot;size&quot;:10,&quot;sizes&quot;:[]},&quot;post_gap_row_tablet&quot;:{&quot;unit&quot;:&quot;px&quot;,&quot;size&quot;:25,&quot;sizes&quot;:[]},&quot;post_gap_row_mobile&quot;:{&quot;unit&quot;:&quot;px&quot;,&quot;size&quot;:30,&quot;sizes&quot;:[]},&quot;masonry&quot;:&quot;masonry&quot;,&quot;post_gap_column&quot;:{&quot;unit&quot;:&quot;px&quot;,&quot;size&quot;:10,&quot;sizes&quot;:[]},&quot;post_gap_row&quot;:{&quot;unit&quot;:&quot;px&quot;,&quot;size&quot;:20,&quot;sizes&quot;:[]},&quot;post_gap_row_widescreen&quot;:{&quot;unit&quot;:&quot;px&quot;,&quot;size&quot;:20,&quot;sizes&quot;:[]},&quot;columns&quot;:3,&quot;columns_mobile&quot;:&quot;1&quot;,&quot;query_control_prefix&quot;:&quot;blog&quot;,&quot;post_gap_column_widescreen&quot;:{&quot;unit&quot;:&quot;px&quot;,&quot;size&quot;:&quot;&quot;,&quot;sizes&quot;:[]},&quot;pagination_show&quot;:&quot;yes&quot;,&quot;pagination_type&quot;:&quot;pagination&quot;,&quot;pagination_via_ajax&quot;:&quot;yes&quot;,&quot;pagination_save_state&quot;:&quot;yes&quot;}\" data-widget_type=\"cmsmasters-blog-grid.default\" data-document-id=\"37791\">\n\t\t\t\t\t<div class=\"cmsmasters-blog cmsmasters-blog-grid cmsmasters-blog--type-default\"><div class=\"cmsmasters-blog__posts-variable\"><div class=\"cmsmasters-blog__posts-wrap\"><div class=\"cmsmasters-blog__posts\"><article id=\"post-41211\" class=\"cmsmasters-blog__post post-41211 projects type-projects status-publish has-post-thumbnail hentry\"><div class=\"cmsmasters-blog__post-inner\"><div data-elementor-type=\"cmsmasters_entry\" data-elementor-id=\"40703\" class=\"elementor elementor-40703\" data-elementor-post-type=\"elementor_library\">\t\t\t<div class=\"elementor-inner\">\r\n\t\t\t\t<div class=\"elementor-section-wrap\">\r\n\t\t\t\t\t<div class=\"elementor-element elementor-element-5fe38e06 e-con-full e-flex cmsmasters-block-default e-con e-parent\" data-id=\"5fe38e06\" data-element_type=\"container\" data-e-type=\"container\">\n\t\t\t\t<div class=\"elementor-element elementor-element-196725ba cmsmasters-object-fit cmsmasters-object-fit-cover cmsmasters-block-default cmsmasters-sticky-default elementor-widget elementor-widget-cmsmasters-post-featured-image cmsmasters-widget-image\" data-id=\"196725ba\" data-element_type=\"widget\" data-e-type=\"widget\" data-widget_type=\"cmsmasters-post-featured-image.default\">\n\t\t\t\t\t<div class=\"cmsmasters-widget-image__wrap\"><a href=\"https:\/\/delostudio.co\/en\/projects\/domo-cofinet\/\" data-elementor-open-lightbox=\"\" aria-label=\"Featured Image\"><img fetchpriority=\"high\" decoding=\"async\" width=\"1024\" height=\"576\" src=\"https:\/\/delostudio.co\/wp-content\/uploads\/2025\/09\/Galeria-Cofinet-Delo-studio-architecture-and-design-2-1024x576.webp\" class=\"attachment-large size-large wp-image-41226\" alt=\"\" srcset=\"https:\/\/delostudio.co\/wp-content\/uploads\/2025\/09\/Galeria-Cofinet-Delo-studio-architecture-and-design-2-1024x576.webp 1024w, https:\/\/delostudio.co\/wp-content\/uploads\/2025\/09\/Galeria-Cofinet-Delo-studio-architecture-and-design-2-scaled-600x338.webp 600w, https:\/\/delostudio.co\/wp-content\/uploads\/2025\/09\/Galeria-Cofinet-Delo-studio-architecture-and-design-2-300x169.webp 300w, https:\/\/delostudio.co\/wp-content\/uploads\/2025\/09\/Galeria-Cofinet-Delo-studio-architecture-and-design-2-768x432.webp 768w, https:\/\/delostudio.co\/wp-content\/uploads\/2025\/09\/Galeria-Cofinet-Delo-studio-architecture-and-design-2-1536x864.webp 1536w, https:\/\/delostudio.co\/wp-content\/uploads\/2025\/09\/Galeria-Cofinet-Delo-studio-architecture-and-design-2-2048x1152.webp 2048w, https:\/\/delostudio.co\/wp-content\/uploads\/2025\/09\/Galeria-Cofinet-Delo-studio-architecture-and-design-2-533x300.webp 533w\" sizes=\"(max-width: 1024px) 100vw, 1024px\" \/><div class=\"cmsmasters-background-overlay-wrap\"><\/div><\/a><\/div>\t\t\t\t<\/div>\n\t\t\t\t<div class=\"elementor-element elementor-element-6794f0cc cmsmasters-line-clamp-yes elementor-widget-mobile__width-inherit cmsmasters-color-variation-default cmsmasters-pointer-none cmsmasters-block-default cmsmasters-sticky-default elementor-widget elementor-widget-cmsmasters-post-title cmsmasters-widget-title\" data-id=\"6794f0cc\" data-element_type=\"widget\" data-e-type=\"widget\" data-widget_type=\"cmsmasters-post-title.default\">\n\t\t\t\t\t<h3 class=\"entry-title cmsmasters-widget-title__heading\" title=\"Cofinet Dome\"><a href=\"https:\/\/delostudio.co\/en\/projects\/domo-cofinet\/\">Cofinet Dome<\/a><\/h3>\t\t\t\t<\/div>\n\t\t\t\t<\/div>\n\t\t\t\t\t\t<\/div>\r\n\t\t\t<\/div>\r\n\t\t<\/div><\/div><\/article><article id=\"post-41193\" class=\"cmsmasters-blog__post post-41193 projects type-projects status-publish has-post-thumbnail hentry\"><div class=\"cmsmasters-blog__post-inner\"><div data-elementor-type=\"cmsmasters_entry\" data-elementor-id=\"40703\" class=\"elementor elementor-40703\" data-elementor-post-type=\"elementor_library\">\t\t\t<div class=\"elementor-inner\">\r\n\t\t\t\t<div class=\"elementor-section-wrap\">\r\n\t\t\t\t\t<div class=\"elementor-element elementor-element-5fe38e06 e-con-full e-flex cmsmasters-block-default e-con e-parent\" data-id=\"5fe38e06\" data-element_type=\"container\" data-e-type=\"container\">\n\t\t\t\t<div class=\"elementor-element elementor-element-196725ba cmsmasters-object-fit cmsmasters-object-fit-cover cmsmasters-block-default cmsmasters-sticky-default elementor-widget elementor-widget-cmsmasters-post-featured-image cmsmasters-widget-image\" data-id=\"196725ba\" data-element_type=\"widget\" data-e-type=\"widget\" data-widget_type=\"cmsmasters-post-featured-image.default\">\n\t\t\t\t\t<div class=\"cmsmasters-widget-image__wrap\"><a href=\"https:\/\/delostudio.co\/en\/projects\/kogui-centro-turistico-de-conservacion-ambiental\/\" data-elementor-open-lightbox=\"\" aria-label=\"Featured Image\"><img decoding=\"async\" width=\"1024\" height=\"576\" src=\"https:\/\/delostudio.co\/wp-content\/uploads\/2025\/09\/FT-22-1024x576.webp\" class=\"attachment-large size-large wp-image-41200\" alt=\"\" srcset=\"https:\/\/delostudio.co\/wp-content\/uploads\/2025\/09\/FT-22-1024x576.webp 1024w, https:\/\/delostudio.co\/wp-content\/uploads\/2025\/09\/FT-22-scaled-600x338.webp 600w, https:\/\/delostudio.co\/wp-content\/uploads\/2025\/09\/FT-22-300x169.webp 300w, https:\/\/delostudio.co\/wp-content\/uploads\/2025\/09\/FT-22-768x432.webp 768w, https:\/\/delostudio.co\/wp-content\/uploads\/2025\/09\/FT-22-1536x864.webp 1536w, https:\/\/delostudio.co\/wp-content\/uploads\/2025\/09\/FT-22-2048x1152.webp 2048w, https:\/\/delostudio.co\/wp-content\/uploads\/2025\/09\/FT-22-533x300.webp 533w\" sizes=\"(max-width: 1024px) 100vw, 1024px\" \/><div class=\"cmsmasters-background-overlay-wrap\"><\/div><\/a><\/div>\t\t\t\t<\/div>\n\t\t\t\t<div class=\"elementor-element elementor-element-6794f0cc cmsmasters-line-clamp-yes elementor-widget-mobile__width-inherit cmsmasters-color-variation-default cmsmasters-pointer-none cmsmasters-block-default cmsmasters-sticky-default elementor-widget elementor-widget-cmsmasters-post-title cmsmasters-widget-title\" data-id=\"6794f0cc\" data-element_type=\"widget\" data-e-type=\"widget\" data-widget_type=\"cmsmasters-post-title.default\">\n\t\t\t\t\t<h3 class=\"entry-title cmsmasters-widget-title__heading\" title=\"Kogui - Conservation tourism center\"><a href=\"https:\/\/delostudio.co\/en\/projects\/kogui-centro-turistico-de-conservacion-ambiental\/\">Kogui - Conservation tourism center<\/a><\/h3>\t\t\t\t<\/div>\n\t\t\t\t<\/div>\n\t\t\t\t\t\t<\/div>\r\n\t\t\t<\/div>\r\n\t\t<\/div><\/div><\/article><article id=\"post-41172\" class=\"cmsmasters-blog__post post-41172 projects type-projects status-publish has-post-thumbnail hentry\"><div class=\"cmsmasters-blog__post-inner\"><div data-elementor-type=\"cmsmasters_entry\" data-elementor-id=\"40703\" class=\"elementor elementor-40703\" data-elementor-post-type=\"elementor_library\">\t\t\t<div class=\"elementor-inner\">\r\n\t\t\t\t<div class=\"elementor-section-wrap\">\r\n\t\t\t\t\t<div class=\"elementor-element elementor-element-5fe38e06 e-con-full e-flex cmsmasters-block-default e-con e-parent\" data-id=\"5fe38e06\" data-element_type=\"container\" data-e-type=\"container\">\n\t\t\t\t<div class=\"elementor-element elementor-element-196725ba cmsmasters-object-fit cmsmasters-object-fit-cover cmsmasters-block-default cmsmasters-sticky-default elementor-widget elementor-widget-cmsmasters-post-featured-image cmsmasters-widget-image\" data-id=\"196725ba\" data-element_type=\"widget\" data-e-type=\"widget\" data-widget_type=\"cmsmasters-post-featured-image.default\">\n\t\t\t\t\t<div class=\"cmsmasters-widget-image__wrap\"><a href=\"https:\/\/delostudio.co\/en\/projects\/hotel-alma\/\" data-elementor-open-lightbox=\"\" aria-label=\"Featured Image\"><img decoding=\"async\" width=\"1024\" height=\"576\" src=\"https:\/\/delostudio.co\/wp-content\/uploads\/2025\/09\/Galeria-Hotel-Alma-Delo-achitect-and-desing-studio-2-1024x576.webp\" class=\"attachment-large size-large wp-image-41183\" alt=\"\" srcset=\"https:\/\/delostudio.co\/wp-content\/uploads\/2025\/09\/Galeria-Hotel-Alma-Delo-achitect-and-desing-studio-2-1024x576.webp 1024w, https:\/\/delostudio.co\/wp-content\/uploads\/2025\/09\/Galeria-Hotel-Alma-Delo-achitect-and-desing-studio-2-600x338.webp 600w, https:\/\/delostudio.co\/wp-content\/uploads\/2025\/09\/Galeria-Hotel-Alma-Delo-achitect-and-desing-studio-2-300x169.webp 300w, https:\/\/delostudio.co\/wp-content\/uploads\/2025\/09\/Galeria-Hotel-Alma-Delo-achitect-and-desing-studio-2-768x432.webp 768w, https:\/\/delostudio.co\/wp-content\/uploads\/2025\/09\/Galeria-Hotel-Alma-Delo-achitect-and-desing-studio-2-1536x864.webp 1536w, https:\/\/delostudio.co\/wp-content\/uploads\/2025\/09\/Galeria-Hotel-Alma-Delo-achitect-and-desing-studio-2-533x300.webp 533w, https:\/\/delostudio.co\/wp-content\/uploads\/2025\/09\/Galeria-Hotel-Alma-Delo-achitect-and-desing-studio-2.webp 1920w\" sizes=\"(max-width: 1024px) 100vw, 1024px\" \/><div class=\"cmsmasters-background-overlay-wrap\"><\/div><\/a><\/div>\t\t\t\t<\/div>\n\t\t\t\t<div class=\"elementor-element elementor-element-6794f0cc cmsmasters-line-clamp-yes elementor-widget-mobile__width-inherit cmsmasters-color-variation-default cmsmasters-pointer-none cmsmasters-block-default cmsmasters-sticky-default elementor-widget elementor-widget-cmsmasters-post-title cmsmasters-widget-title\" data-id=\"6794f0cc\" data-element_type=\"widget\" data-e-type=\"widget\" data-widget_type=\"cmsmasters-post-title.default\">\n\t\t\t\t\t<h3 class=\"entry-title cmsmasters-widget-title__heading\" title=\"Alma Hotel\"><a href=\"https:\/\/delostudio.co\/en\/projects\/hotel-alma\/\">Alma Hotel<\/a><\/h3>\t\t\t\t<\/div>\n\t\t\t\t<\/div>\n\t\t\t\t\t\t<\/div>\r\n\t\t\t<\/div>\r\n\t\t<\/div><\/div><\/article><article id=\"post-41154\" class=\"cmsmasters-blog__post post-41154 projects type-projects status-publish has-post-thumbnail hentry\"><div class=\"cmsmasters-blog__post-inner\"><div data-elementor-type=\"cmsmasters_entry\" data-elementor-id=\"40703\" class=\"elementor elementor-40703\" data-elementor-post-type=\"elementor_library\">\t\t\t<div class=\"elementor-inner\">\r\n\t\t\t\t<div class=\"elementor-section-wrap\">\r\n\t\t\t\t\t<div class=\"elementor-element elementor-element-5fe38e06 e-con-full e-flex cmsmasters-block-default e-con e-parent\" data-id=\"5fe38e06\" data-element_type=\"container\" data-e-type=\"container\">\n\t\t\t\t<div class=\"elementor-element elementor-element-196725ba cmsmasters-object-fit cmsmasters-object-fit-cover cmsmasters-block-default cmsmasters-sticky-default elementor-widget elementor-widget-cmsmasters-post-featured-image cmsmasters-widget-image\" data-id=\"196725ba\" data-element_type=\"widget\" data-e-type=\"widget\" data-widget_type=\"cmsmasters-post-featured-image.default\">\n\t\t\t\t\t<div class=\"cmsmasters-widget-image__wrap\"><a href=\"https:\/\/delostudio.co\/en\/projects\/casa-loft\/\" data-elementor-open-lightbox=\"\" aria-label=\"Featured Image\"><img loading=\"lazy\" decoding=\"async\" width=\"1024\" height=\"576\" src=\"https:\/\/delostudio.co\/wp-content\/uploads\/2025\/09\/Galeria-Casa-Loft-delo-estudio-de-arquitectura-y-diseno-1-1024x576.webp\" class=\"attachment-large size-large wp-image-41164\" alt=\"Galeria Casa Loft - delo estudio de arquitectura y dise\u00f1o (1)\" srcset=\"https:\/\/delostudio.co\/wp-content\/uploads\/2025\/09\/Galeria-Casa-Loft-delo-estudio-de-arquitectura-y-diseno-1-1024x576.webp 1024w, https:\/\/delostudio.co\/wp-content\/uploads\/2025\/09\/Galeria-Casa-Loft-delo-estudio-de-arquitectura-y-diseno-1-600x338.webp 600w, https:\/\/delostudio.co\/wp-content\/uploads\/2025\/09\/Galeria-Casa-Loft-delo-estudio-de-arquitectura-y-diseno-1-300x169.webp 300w, https:\/\/delostudio.co\/wp-content\/uploads\/2025\/09\/Galeria-Casa-Loft-delo-estudio-de-arquitectura-y-diseno-1-768x432.webp 768w, https:\/\/delostudio.co\/wp-content\/uploads\/2025\/09\/Galeria-Casa-Loft-delo-estudio-de-arquitectura-y-diseno-1-1536x864.webp 1536w, https:\/\/delostudio.co\/wp-content\/uploads\/2025\/09\/Galeria-Casa-Loft-delo-estudio-de-arquitectura-y-diseno-1-533x300.webp 533w, https:\/\/delostudio.co\/wp-content\/uploads\/2025\/09\/Galeria-Casa-Loft-delo-estudio-de-arquitectura-y-diseno-1.webp 1920w\" sizes=\"(max-width: 1024px) 100vw, 1024px\" \/><div class=\"cmsmasters-background-overlay-wrap\"><\/div><\/a><\/div>\t\t\t\t<\/div>\n\t\t\t\t<div class=\"elementor-element elementor-element-6794f0cc cmsmasters-line-clamp-yes elementor-widget-mobile__width-inherit cmsmasters-color-variation-default cmsmasters-pointer-none cmsmasters-block-default cmsmasters-sticky-default elementor-widget elementor-widget-cmsmasters-post-title cmsmasters-widget-title\" data-id=\"6794f0cc\" data-element_type=\"widget\" data-e-type=\"widget\" data-widget_type=\"cmsmasters-post-title.default\">\n\t\t\t\t\t<h3 class=\"entry-title cmsmasters-widget-title__heading\" title=\"Loft House\"><a href=\"https:\/\/delostudio.co\/en\/projects\/casa-loft\/\">Loft House<\/a><\/h3>\t\t\t\t<\/div>\n\t\t\t\t<\/div>\n\t\t\t\t\t\t<\/div>\r\n\t\t\t<\/div>\r\n\t\t<\/div><\/div><\/article><article id=\"post-41133\" class=\"cmsmasters-blog__post post-41133 projects type-projects status-publish has-post-thumbnail hentry\"><div class=\"cmsmasters-blog__post-inner\"><div data-elementor-type=\"cmsmasters_entry\" data-elementor-id=\"40703\" class=\"elementor elementor-40703\" data-elementor-post-type=\"elementor_library\">\t\t\t<div class=\"elementor-inner\">\r\n\t\t\t\t<div class=\"elementor-section-wrap\">\r\n\t\t\t\t\t<div class=\"elementor-element elementor-element-5fe38e06 e-con-full e-flex cmsmasters-block-default e-con e-parent\" data-id=\"5fe38e06\" data-element_type=\"container\" data-e-type=\"container\">\n\t\t\t\t<div class=\"elementor-element elementor-element-196725ba cmsmasters-object-fit cmsmasters-object-fit-cover cmsmasters-block-default cmsmasters-sticky-default elementor-widget elementor-widget-cmsmasters-post-featured-image cmsmasters-widget-image\" data-id=\"196725ba\" data-element_type=\"widget\" data-e-type=\"widget\" data-widget_type=\"cmsmasters-post-featured-image.default\">\n\t\t\t\t\t<div class=\"cmsmasters-widget-image__wrap\"><a href=\"https:\/\/delostudio.co\/en\/projects\/smart-block-hotel\/\" data-elementor-open-lightbox=\"\" aria-label=\"Featured Image\"><img loading=\"lazy\" decoding=\"async\" width=\"1024\" height=\"576\" src=\"https:\/\/delostudio.co\/wp-content\/uploads\/2025\/09\/Galeria-hotel-smart-block-delo-studio-interior-design-15-1024x576.webp\" class=\"attachment-large size-large wp-image-41152\" alt=\"Galeria hotel smart block - delo studio interior design (15)\" srcset=\"https:\/\/delostudio.co\/wp-content\/uploads\/2025\/09\/Galeria-hotel-smart-block-delo-studio-interior-design-15-1024x576.webp 1024w, https:\/\/delostudio.co\/wp-content\/uploads\/2025\/09\/Galeria-hotel-smart-block-delo-studio-interior-design-15-600x338.webp 600w, https:\/\/delostudio.co\/wp-content\/uploads\/2025\/09\/Galeria-hotel-smart-block-delo-studio-interior-design-15-300x169.webp 300w, https:\/\/delostudio.co\/wp-content\/uploads\/2025\/09\/Galeria-hotel-smart-block-delo-studio-interior-design-15-768x432.webp 768w, https:\/\/delostudio.co\/wp-content\/uploads\/2025\/09\/Galeria-hotel-smart-block-delo-studio-interior-design-15-1536x864.webp 1536w, https:\/\/delostudio.co\/wp-content\/uploads\/2025\/09\/Galeria-hotel-smart-block-delo-studio-interior-design-15-533x300.webp 533w, https:\/\/delostudio.co\/wp-content\/uploads\/2025\/09\/Galeria-hotel-smart-block-delo-studio-interior-design-15.webp 1920w\" sizes=\"(max-width: 1024px) 100vw, 1024px\" \/><div class=\"cmsmasters-background-overlay-wrap\"><\/div><\/a><\/div>\t\t\t\t<\/div>\n\t\t\t\t<div class=\"elementor-element elementor-element-6794f0cc cmsmasters-line-clamp-yes elementor-widget-mobile__width-inherit cmsmasters-color-variation-default cmsmasters-pointer-none cmsmasters-block-default cmsmasters-sticky-default elementor-widget elementor-widget-cmsmasters-post-title cmsmasters-widget-title\" data-id=\"6794f0cc\" data-element_type=\"widget\" data-e-type=\"widget\" data-widget_type=\"cmsmasters-post-title.default\">\n\t\t\t\t\t<h3 class=\"entry-title cmsmasters-widget-title__heading\" title=\"Smart Block Hotel\"><a href=\"https:\/\/delostudio.co\/en\/projects\/smart-block-hotel\/\">Smart Block Hotel<\/a><\/h3>\t\t\t\t<\/div>\n\t\t\t\t<\/div>\n\t\t\t\t\t\t<\/div>\r\n\t\t\t<\/div>\r\n\t\t<\/div><\/div><\/article><article id=\"post-40741\" class=\"cmsmasters-blog__post post-40741 projects type-projects status-publish has-post-thumbnail hentry\"><div class=\"cmsmasters-blog__post-inner\"><div data-elementor-type=\"cmsmasters_entry\" data-elementor-id=\"40703\" class=\"elementor elementor-40703\" data-elementor-post-type=\"elementor_library\">\t\t\t<div class=\"elementor-inner\">\r\n\t\t\t\t<div class=\"elementor-section-wrap\">\r\n\t\t\t\t\t<div class=\"elementor-element elementor-element-5fe38e06 e-con-full e-flex cmsmasters-block-default e-con e-parent\" data-id=\"5fe38e06\" data-element_type=\"container\" data-e-type=\"container\">\n\t\t\t\t<div class=\"elementor-element elementor-element-196725ba cmsmasters-object-fit cmsmasters-object-fit-cover cmsmasters-block-default cmsmasters-sticky-default elementor-widget elementor-widget-cmsmasters-post-featured-image cmsmasters-widget-image\" data-id=\"196725ba\" data-element_type=\"widget\" data-e-type=\"widget\" data-widget_type=\"cmsmasters-post-featured-image.default\">\n\t\t\t\t\t<div class=\"cmsmasters-widget-image__wrap\"><a href=\"https:\/\/delostudio.co\/en\/projects\/test-de-proyecto\/\" data-elementor-open-lightbox=\"\" aria-label=\"Featured Image\"><img loading=\"lazy\" decoding=\"async\" width=\"1024\" height=\"576\" src=\"https:\/\/delostudio.co\/wp-content\/uploads\/2025\/08\/P1_1-Photo-1024x576.webp\" class=\"attachment-large size-large wp-image-40922\" alt=\"\" srcset=\"https:\/\/delostudio.co\/wp-content\/uploads\/2025\/08\/P1_1-Photo-1024x576.webp 1024w, https:\/\/delostudio.co\/wp-content\/uploads\/2025\/08\/P1_1-Photo-scaled-600x338.webp 600w, https:\/\/delostudio.co\/wp-content\/uploads\/2025\/08\/P1_1-Photo-300x169.webp 300w, https:\/\/delostudio.co\/wp-content\/uploads\/2025\/08\/P1_1-Photo-768x432.webp 768w, https:\/\/delostudio.co\/wp-content\/uploads\/2025\/08\/P1_1-Photo-1536x864.webp 1536w, https:\/\/delostudio.co\/wp-content\/uploads\/2025\/08\/P1_1-Photo-2048x1152.webp 2048w, https:\/\/delostudio.co\/wp-content\/uploads\/2025\/08\/P1_1-Photo-533x300.webp 533w\" sizes=\"(max-width: 1024px) 100vw, 1024px\" \/><div class=\"cmsmasters-background-overlay-wrap\"><\/div><\/a><\/div>\t\t\t\t<\/div>\n\t\t\t\t<div class=\"elementor-element elementor-element-6794f0cc cmsmasters-line-clamp-yes elementor-widget-mobile__width-inherit cmsmasters-color-variation-default cmsmasters-pointer-none cmsmasters-block-default cmsmasters-sticky-default elementor-widget elementor-widget-cmsmasters-post-title cmsmasters-widget-title\" data-id=\"6794f0cc\" data-element_type=\"widget\" data-e-type=\"widget\" data-widget_type=\"cmsmasters-post-title.default\">\n\t\t\t\t\t<h3 class=\"entry-title cmsmasters-widget-title__heading\" title=\"Jardines del Encanto\"><a href=\"https:\/\/delostudio.co\/en\/projects\/test-de-proyecto\/\">Jardines del Encanto<\/a><\/h3>\t\t\t\t<\/div>\n\t\t\t\t<\/div>\n\t\t\t\t\t\t<\/div>\r\n\t\t\t<\/div>\r\n\t\t<\/div><\/div><\/article><\/div><\/div><\/div><\/div>\t\t\t\t<\/div>\n\t\t\t\t<\/div>\n\t\t\t\t<\/div>\n\t\t\t\t<\/div>","protected":false},"excerpt":{"rendered":"<p>Nuestro trabajo habla por nosotros Del concepto al detalle final, creamos espacios que reflejan car\u00e1cter y coherencia est\u00e9tica. Nuestro portafolio re\u00fane proyectos residenciales y comerciales en los que la luz, la materia y la forma encuentran su equilibrio.<\/p>","protected":false},"author":1,"featured_media":0,"parent":0,"menu_order":0,"comment_status":"closed","ping_status":"closed","template":"","meta":{"_acf_changed":false,"footnotes":""},"class_list":["post-37791","page","type-page","status-publish","hentry"],"acf":[],"_links":{"self":[{"href":"https:\/\/delostudio.co\/en\/wp-json\/wp\/v2\/pages\/37791","targetHints":{"allow":["GET"]}}],"collection":[{"href":"https:\/\/delostudio.co\/en\/wp-json\/wp\/v2\/pages"}],"about":[{"href":"https:\/\/delostudio.co\/en\/wp-json\/wp\/v2\/types\/page"}],"author":[{"embeddable":true,"href":"https:\/\/delostudio.co\/en\/wp-json\/wp\/v2\/users\/1"}],"replies":[{"embeddable":true,"href":"https:\/\/delostudio.co\/en\/wp-json\/wp\/v2\/comments?post=37791"}],"version-history":[{"count":64,"href":"https:\/\/delostudio.co\/en\/wp-json\/wp\/v2\/pages\/37791\/revisions"}],"predecessor-version":[{"id":41341,"href":"https:\/\/delostudio.co\/en\/wp-json\/wp\/v2\/pages\/37791\/revisions\/41341"}],"wp:attachment":[{"href":"https:\/\/delostudio.co\/en\/wp-json\/wp\/v2\/media?parent=37791"}],"curies":[{"name":"wp","href":"https:\/\/api.w.org\/{rel}","templated":true}]}}